{"id":5871,"date":"2025-02-21T10:55:32","date_gmt":"2025-02-21T10:55:32","guid":{"rendered":"https:\/\/appeltje.nl\/main\/?page_id=5871"},"modified":"2025-02-25T13:06:39","modified_gmt":"2025-02-25T13:06:39","slug":"uber-uns","status":"publish","type":"page","link":"https:\/\/appeltje.nl\/main\/de\/uber-uns\/","title":{"rendered":"Uber uns"},"content":{"rendered":"\t\t<div data-elementor-type=\"wp-page\" data-elementor-id=\"5871\" class=\"elementor elementor-5871\" data-elementor-post-type=\"page\">\n\t\t\t\t<div class=\"elementor-element elementor-element-4fad702 e-flex e-con-boxed e-con e-parent\" data-id=\"4fad702\" data-element_type=\"container\" data-e-type=\"container\" data-settings=\"{&quot;background_background&quot;:&quot;classic&quot;}\">\n\t\t\t\t\t<div class=\"e-con-inner\">\n\t\t\t\t\t<\/div>\n\t\t\t\t<\/div>\n\t\t<div class=\"elementor-element elementor-element-0670e2e e-flex e-con-boxed e-con e-parent\" data-id=\"0670e2e\" data-element_type=\"container\" data-e-type=\"container\" data-settings=\"{&quot;background_background&quot;:&quot;classic&quot;}\">\n\t\t\t\t\t<div class=\"e-con-inner\">\n\t\t<div class=\"elementor-element elementor-element-0d1ed84 e-con-full e-flex elementor-invisible e-con e-child\" data-id=\"0d1ed84\" data-element_type=\"container\" data-e-type=\"container\" data-settings=\"{&quot;background_background&quot;:&quot;classic&quot;,&quot;animation&quot;:&quot;fadeInUp&quot;}\">\n\t\t\t\t<div class=\"elementor-element elementor-element-ddcc4af elementor-absolute e-transform elementor-widget__width-inherit e-transform elementor-widget-mobile__width-inherit elementor-widget-tablet__width-initial elementor-invisible elementor-widget elementor-widget-image\" data-id=\"ddcc4af\" data-element_type=\"widget\" data-e-type=\"widget\" data-settings=\"{&quot;_position&quot;:&quot;absolute&quot;,&quot;_animation&quot;:&quot;rotateInDownRight&quot;,&quot;_transform_rotateZ_effect&quot;:{&quot;unit&quot;:&quot;px&quot;,&quot;size&quot;:7,&quot;sizes&quot;:[]},&quot;_transform_scale_effect&quot;:{&quot;unit&quot;:&quot;px&quot;,&quot;size&quot;:1.3,&quot;sizes&quot;:[]},&quot;_transform_scale_effect_mobile&quot;:{&quot;unit&quot;:&quot;px&quot;,&quot;size&quot;:1,&quot;sizes&quot;:[]},&quot;_transform_rotateZ_effect_laptop&quot;:{&quot;unit&quot;:&quot;deg&quot;,&quot;size&quot;:&quot;&quot;,&quot;sizes&quot;:[]},&quot;_transform_rotateZ_effect_tablet&quot;:{&quot;unit&quot;:&quot;deg&quot;,&quot;size&quot;:&quot;&quot;,&quot;sizes&quot;:[]},&quot;_transform_rotateZ_effect_mobile&quot;:{&quot;unit&quot;:&quot;deg&quot;,&quot;size&quot;:&quot;&quot;,&quot;sizes&quot;:[]},&quot;_transform_scale_effect_laptop&quot;:{&quot;unit&quot;:&quot;px&quot;,&quot;size&quot;:&quot;&quot;,&quot;sizes&quot;:[]},&quot;_transform_scale_effect_tablet&quot;:{&quot;unit&quot;:&quot;px&quot;,&quot;size&quot;:&quot;&quot;,&quot;sizes&quot;:[]}}\" data-widget_type=\"image.default\">\n\t\t\t\t<div class=\"elementor-widget-container\">\n\t\t\t\t\t\t\t\t\t\t\t\t\t\t\t<img fetchpriority=\"high\" decoding=\"async\" width=\"800\" height=\"511\" src=\"https:\/\/appeltje.nl\/main\/wp-content\/uploads\/2024\/06\/paardenwagen_martin-1024x654.webp\" class=\"attachment-large size-large wp-image-158\" alt=\"fruit op je werk fruit op het werk fruit op kantoor fruit abonnement\" srcset=\"https:\/\/appeltje.nl\/main\/wp-content\/uploads\/2024\/06\/paardenwagen_martin-1024x654.webp 1024w, https:\/\/appeltje.nl\/main\/wp-content\/uploads\/2024\/06\/paardenwagen_martin-300x191.webp 300w, https:\/\/appeltje.nl\/main\/wp-content\/uploads\/2024\/06\/paardenwagen_martin-768x490.webp 768w, https:\/\/appeltje.nl\/main\/wp-content\/uploads\/2024\/06\/paardenwagen_martin-1536x980.webp 1536w, https:\/\/appeltje.nl\/main\/wp-content\/uploads\/2024\/06\/paardenwagen_martin.webp 2048w\" sizes=\"(max-width: 800px) 100vw, 800px\" \/>\t\t\t\t\t\t\t\t\t\t\t\t\t\t\t<\/div>\n\t\t\t\t<\/div>\n\t\t\t\t<div class=\"elementor-element elementor-element-d595a73 elementor-widget elementor-widget-text-editor\" data-id=\"d595a73\" data-element_type=\"widget\" data-e-type=\"widget\" data-widget_type=\"text-editor.default\">\n\t\t\t\t<div class=\"elementor-widget-container\">\n\t\t\t\t\t\t\t\t\t<p>der Beginn der Geschichte von Appeltje mit seinem Pferdewagen<\/p>\t\t\t\t\t\t\t\t<\/div>\n\t\t\t\t<\/div>\n\t\t\t\t<div class=\"elementor-element elementor-element-53c52c2 elementor-widget elementor-widget-heading\" data-id=\"53c52c2\" data-element_type=\"widget\" data-e-type=\"widget\" data-widget_type=\"heading.default\">\n\t\t\t\t<div class=\"elementor-widget-container\">\n\t\t\t\t\t<h2 class=\"elementor-heading-title elementor-size-default\">Maarten Huisman<\/h2>\t\t\t\t<\/div>\n\t\t\t\t<\/div>\n\t\t\t\t<\/div>\n\t\t<div class=\"elementor-element elementor-element-af15e19 e-con-full e-flex elementor-invisible e-con e-child\" data-id=\"af15e19\" data-element_type=\"container\" data-e-type=\"container\" data-settings=\"{&quot;background_background&quot;:&quot;classic&quot;,&quot;animation&quot;:&quot;fadeInUp&quot;}\">\n\t\t\t\t<div class=\"elementor-element elementor-element-d215824 elementor-widget elementor-widget-heading\" data-id=\"d215824\" data-element_type=\"widget\" data-e-type=\"widget\" data-widget_type=\"heading.default\">\n\t\t\t\t<div class=\"elementor-widget-container\">\n\t\t\t\t\t<h2 class=\"elementor-heading-title elementor-size-default\">Der <strong>Gr\u00fcnder.<\/strong><\/h2>\t\t\t\t<\/div>\n\t\t\t\t<\/div>\n\t\t\t\t<div class=\"elementor-element elementor-element-d1afc7c elementor-widget elementor-widget-text-editor\" data-id=\"d1afc7c\" data-element_type=\"widget\" data-e-type=\"widget\" data-widget_type=\"text-editor.default\">\n\t\t\t\t<div class=\"elementor-widget-container\">\n\t\t\t\t\t\t\t\t\t<p><span class=\"TextRun SCXW207315909 BCX8\" lang=\"DE-DE\" xml:lang=\"DE-DE\" data-contrast=\"none\"><span class=\"NormalTextRun SCXW207315909 BCX8\">Die Geschichte unseres Twenter Familienunternehmens begann vor etwa 100 Jahren mit Maarten Huisman. Mit seinem Pferdefuhrwerk verkaufte er verschiedene Gem\u00fcsesorten, Obst und Kartoffeln.<\/span><\/span><span class=\"EOP SCXW207315909 BCX8\" data-ccp-props=\"{&quot;201341983&quot;:0,&quot;335559739&quot;:0,&quot;335559740&quot;:240}\">\u00a0<\/span><\/p>\t\t\t\t\t\t\t\t<\/div>\n\t\t\t\t<\/div>\n\t\t\t\t<div class=\"elementor-element elementor-element-e40f48d elementor-widget__width-initial elementor-widget elementor-widget-heading\" data-id=\"e40f48d\" data-element_type=\"widget\" data-e-type=\"widget\" data-widget_type=\"heading.default\">\n\t\t\t\t<div class=\"elementor-widget-container\">\n\t\t\t\t\t<h2 class=\"elementor-heading-title elementor-size-default\"><b>Die S\u00f6hne. <\/b><\/h2>\t\t\t\t<\/div>\n\t\t\t\t<\/div>\n\t\t\t\t<div class=\"elementor-element elementor-element-9ae3e62 elementor-widget elementor-widget-text-editor\" data-id=\"9ae3e62\" data-element_type=\"widget\" data-e-type=\"widget\" data-widget_type=\"text-editor.default\">\n\t\t\t\t<div class=\"elementor-widget-container\">\n\t\t\t\t\t\t\t\t\t<p><span data-contrast=\"none\">Maartens S\u00f6hne, Geert Huisman und sein Bruder Jan Huisman, \u00fcbernahmen die Firma um 1935 von ihrem Vater. Durch die langj\u00e4hrige Zusammenarbeit mit ihrem Vater wurde ihnen wertvolles Wissen weitergegeben, wodurch sich die Br\u00fcder schnell einen guten Ruf in der Frischwarenbranche erarbeiteten. Dabei wurde der Name Geert Huisman AGF f\u00fcr die Spitzenqualit\u00e4t seiner Produkte bekannt.<\/span><span data-ccp-props=\"{&quot;201341983&quot;:0,&quot;335559739&quot;:0,&quot;335559740&quot;:240}\">\u00a0<\/span><\/p><p><span data-contrast=\"none\">Sp\u00e4ter machte sich Geert selbst\u00e4ndig und betrieb unter anderem einen Gem\u00fcseladen, zu dem sp\u00e4ter noch eine Markthalle hinzukam. Im Jahr 1957 wurden der Obst- und Gem\u00fcseladen sowie die Markthalle verkauft und wurde der Vertrieb \u00fcber den Obst- und Gem\u00fcseladen mit dem Opel Blitz und dem Volkswagen Pritschenwagen durchgef\u00fchrt, au\u00dferdem entstanden mehrere M\u00e4rkte.<\/span><span data-ccp-props=\"{&quot;201341983&quot;:0,&quot;335559739&quot;:0,&quot;335559740&quot;:240}\">\u00a0<\/span><\/p><p>Later is Geert voor zichzelf begonnen met o.a. een eigen groentewinkel waar later ook een markthal is bijgekomen. In 1957 werd de groentewinkel en markthal verkocht en werd er met de Opel Blitz en de Volkswagen pick-up gevent, via de groentewinkel verkocht en daarnaast begonnen er meerdere markten te ontstaan.<\/p>\t\t\t\t\t\t\t\t<\/div>\n\t\t\t\t<\/div>\n\t\t\t\t<\/div>\n\t\t\t\t\t<\/div>\n\t\t\t\t<\/div>\n\t\t<div class=\"elementor-element elementor-element-4c3a4f4 e-flex e-con-boxed e-con e-parent\" data-id=\"4c3a4f4\" data-element_type=\"container\" data-e-type=\"container\">\n\t\t\t\t\t<div class=\"e-con-inner\">\n\t\t<div class=\"elementor-element elementor-element-78d698f e-con-full e-flex elementor-invisible e-con e-child\" data-id=\"78d698f\" data-element_type=\"container\" data-e-type=\"container\" data-settings=\"{&quot;background_background&quot;:&quot;classic&quot;,&quot;animation&quot;:&quot;fadeInLeft&quot;}\">\n\t\t\t\t<div class=\"elementor-element elementor-element-e7f426c elementor-widget elementor-widget-spacer\" data-id=\"e7f426c\" data-element_type=\"widget\" data-e-type=\"widget\" data-widget_type=\"spacer.default\">\n\t\t\t\t<div class=\"elementor-widget-container\">\n\t\t\t\t\t\t\t<div class=\"elementor-spacer\">\n\t\t\t<div class=\"elementor-spacer-inner\"><\/div>\n\t\t<\/div>\n\t\t\t\t\t\t<\/div>\n\t\t\t\t<\/div>\n\t\t\t\t<div class=\"elementor-element elementor-element-6d8b780 elementor-widget elementor-widget-heading\" data-id=\"6d8b780\" data-element_type=\"widget\" data-e-type=\"widget\" data-widget_type=\"heading.default\">\n\t\t\t\t<div class=\"elementor-widget-container\">\n\t\t\t\t\t<h2 class=\"elementor-heading-title elementor-size-default\"><strong>Rudy Huisman<\/strong> Obst.<\/h2>\t\t\t\t<\/div>\n\t\t\t\t<\/div>\n\t\t\t\t<div class=\"elementor-element elementor-element-a2b6756 elementor-widget elementor-widget-text-editor\" data-id=\"a2b6756\" data-element_type=\"widget\" data-e-type=\"widget\" data-widget_type=\"text-editor.default\">\n\t\t\t\t<div class=\"elementor-widget-container\">\n\t\t\t\t\t\t\t\t\t<p><span data-contrast=\"none\">Auf seinem H\u00f6hepunkt war Huisman en Zonen AGF auf 12 M\u00e4rkten vertreten und der Verkauf erfolgte weiterhin \u00fcber den bekannten Gem\u00fcseh\u00e4ndler. Huisman und S\u00f6hne bestand damals aus: Vater Geert und S\u00f6hne; Rudy, Geert und Gerard. Von den Br\u00fcdern war Rudy derjenige der sein ganzes Leben lang schon mit dabei war. Schlie\u00dflich gr\u00fcndete Rudy etwa im Jahr 1965 sein eigenes Unternehmen unter dem Namen Rudy Huisman Fruit.<\/span><span data-ccp-props=\"{&quot;201341983&quot;:0,&quot;335559739&quot;:0,&quot;335559740&quot;:240}\">\u00a0<\/span><\/p><p><span data-contrast=\"none\">Rudy hatte sein ganzes Leben in der Frischwarenbranche gearbeitet und von seinem Vater viel Wissen erlernt, Fachkenntnisse bekommen und ein Netzwerk erworben. Ebenso wie sein Vater wurde er schnell f\u00fcr die Spitzenqualit\u00e4t seiner Produkte und seines Services bekannt. Aber nat\u00fcrlich w\u00e4re das Familienunternehmen ohne seine eigenen S\u00f6hne Ronald und Marcel nicht komplett. W\u00e4hrend dieser Zeit betrieben sie gemeinsam mehrere M\u00e4rkte in Twente und in de Achterhoek.<\/span><span data-ccp-props=\"{&quot;201341983&quot;:0,&quot;335559739&quot;:0,&quot;335559740&quot;:240}\">\u00a0<\/span><\/p><p><span data-contrast=\"none\">Im Gegensatz zu Ronald war Marcel schon immer im Frischwarenhandel und auch im Familienbetrieb t\u00e4tig. Letztendlich f\u00fchrte Marcels innovatives Denken zur Erstellung des Webshops und der Website. Dar\u00fcber hinaus sorgte Marcel f\u00fcr ein gro\u00dfes Sortiment an exotischen Fr\u00fcchten, was auch heute noch eines unserer Alleinstellungsmerkmale darstellt.<\/span><span data-ccp-props=\"{&quot;201341983&quot;:0,&quot;335559739&quot;:0,&quot;335559740&quot;:240}\">\u00a0<\/span><\/p><p>\u00a0<\/p>\t\t\t\t\t\t\t\t<\/div>\n\t\t\t\t<\/div>\n\t\t\t\t<\/div>\n\t\t<div class=\"elementor-element elementor-element-185c129 e-con-full e-flex elementor-invisible e-con e-child\" data-id=\"185c129\" data-element_type=\"container\" data-e-type=\"container\" data-settings=\"{&quot;background_background&quot;:&quot;classic&quot;,&quot;animation&quot;:&quot;fadeInRight&quot;}\">\n\t\t\t\t<div class=\"elementor-element elementor-element-bcf25f3 elementor-widget elementor-widget-spacer\" data-id=\"bcf25f3\" data-element_type=\"widget\" data-e-type=\"widget\" data-widget_type=\"spacer.default\">\n\t\t\t\t<div class=\"elementor-widget-container\">\n\t\t\t\t\t\t\t<div class=\"elementor-spacer\">\n\t\t\t<div class=\"elementor-spacer-inner\"><\/div>\n\t\t<\/div>\n\t\t\t\t\t\t<\/div>\n\t\t\t\t<\/div>\n\t\t\t\t<div class=\"elementor-element elementor-element-8a5f25a elementor-widget-mobile__width-inherit elementor-widget elementor-widget-heading\" data-id=\"8a5f25a\" data-element_type=\"widget\" data-e-type=\"widget\" data-widget_type=\"heading.default\">\n\t\t\t\t<div class=\"elementor-widget-container\">\n\t\t\t\t\t<h2 class=\"elementor-heading-title elementor-size-default\">Der Ursprung von <strong>Appeltje.<\/strong><\/h2>\t\t\t\t<\/div>\n\t\t\t\t<\/div>\n\t\t\t\t<div class=\"elementor-element elementor-element-95d1a00 elementor-widget elementor-widget-text-editor\" data-id=\"95d1a00\" data-element_type=\"widget\" data-e-type=\"widget\" data-widget_type=\"text-editor.default\">\n\t\t\t\t<div class=\"elementor-widget-container\">\n\t\t\t\t\t\t\t\t\t<p><span data-contrast=\"none\">Nach einigen Jahrzehnten beschloss Ronald, sein eigenes Unternehmen zu gr\u00fcnden. Gemeinsam mit Marcel \u00fcbernahm er 2018 die Firma seines Vaters und Appeltje war offiziell der neue Name des Unternehmens. Von diesem Moment an war entschieden, dass das leckerste Obst der Niederlande nicht nur den Verbrauchern, sondern auch den Unternehmen zur Verf\u00fcgung stehen sollte!<\/span><span data-ccp-props=\"{&quot;201341983&quot;:0,&quot;335559739&quot;:0,&quot;335559740&quot;:240}\">\u00a0<\/span><\/p><p><span data-contrast=\"none\">Im Jahr 2022 trat auch Ronalds Sohn Rick in das Familienunternehmen ein. Und in der Zwischenzeit hat sich Appeltje weiterentwickelt und es sind viele Partnerschaften f\u00fcr Gesundheitsinitiativen entstanden und viele Gesundheitspartnerschaften eingegangen. Das Sortiment wurde au\u00dferdem erweitert um: Fruchts\u00e4fte, Suppen, Milchprodukte vom Bauernhof, Honig von lokalen Imkern, N\u00fcsse, M\u00fcsli und Granola, sowie Teeboxen und sogar Nahrungserg\u00e4nzungsmittel wie Chlorella und Propolis.<\/span><span data-ccp-props=\"{&quot;201341983&quot;:0,&quot;335559739&quot;:0,&quot;335559740&quot;:240}\">\u00a0<\/span><\/p><p><span data-contrast=\"none\">Aber tats\u00e4chlich machen wir immer noch dasselbe wie Maarten vor 100 Jahren, n\u00e4mlich: Liefern Wir Top-Qualit\u00e4t und Top-Service mit einem L\u00e4cheln!<\/span><\/p>\t\t\t\t\t\t\t\t<\/div>\n\t\t\t\t<\/div>\n\t\t\t\t<div class=\"elementor-element elementor-element-d638d14 elementor-widget elementor-widget-image\" data-id=\"d638d14\" data-element_type=\"widget\" data-e-type=\"widget\" data-widget_type=\"image.default\">\n\t\t\t\t<div class=\"elementor-widget-container\">\n\t\t\t\t\t\t\t\t\t\t\t\t\t\t\t\t<a href=\"https:\/\/appeltje.nl\/main\/de\/probelieferung-obst-am-arbeitsplatz\/\">\n\t\t\t\t\t\t\t<img decoding=\"async\" width=\"800\" height=\"566\" src=\"https:\/\/appeltje.nl\/main\/wp-content\/uploads\/2024\/06\/Fruitmand-witte-rand-en-button-1024x725.webp\" class=\"attachment-large size-large wp-image-107\" alt=\"Fruit op het werk fruit op je werk fruit werk werkfruit kantinefruit kantine fruit kantoor fruit kantoorfruit\" srcset=\"https:\/\/appeltje.nl\/main\/wp-content\/uploads\/2024\/06\/Fruitmand-witte-rand-en-button-1024x725.webp 1024w, https:\/\/appeltje.nl\/main\/wp-content\/uploads\/2024\/06\/Fruitmand-witte-rand-en-button-300x212.webp 300w, https:\/\/appeltje.nl\/main\/wp-content\/uploads\/2024\/06\/Fruitmand-witte-rand-en-button-768x543.webp 768w, https:\/\/appeltje.nl\/main\/wp-content\/uploads\/2024\/06\/Fruitmand-witte-rand-en-button-1536x1087.webp 1536w, https:\/\/appeltje.nl\/main\/wp-content\/uploads\/2024\/06\/Fruitmand-witte-rand-en-button.webp 1754w\" sizes=\"(max-width: 800px) 100vw, 800px\" \/>\t\t\t\t\t\t\t\t<\/a>\n\t\t\t\t\t\t\t\t\t\t\t\t\t\t\t<\/div>\n\t\t\t\t<\/div>\n\t\t\t\t<\/div>\n\t\t\t\t\t<\/div>\n\t\t\t\t<\/div>\n\t\t<div class=\"elementor-element elementor-element-d54ee57 e-con-full e-flex e-con e-parent\" data-id=\"d54ee57\" data-element_type=\"container\" data-e-type=\"container\" data-settings=\"{&quot;background_background&quot;:&quot;classic&quot;}\">\n\t\t\t\t<\/div>\n\t\t<div class=\"elementor-element elementor-element-28cb2ef elementor-hidden-mobile e-flex e-con-boxed e-con e-parent\" data-id=\"28cb2ef\" data-element_type=\"container\" data-e-type=\"container\">\n\t\t\t\t\t<div class=\"e-con-inner\">\n\t\t\t\t<div class=\"elementor-element elementor-element-c32e162 elementor-absolute elementor-invisible elementor-widget elementor-widget-image\" data-id=\"c32e162\" data-element_type=\"widget\" data-e-type=\"widget\" data-settings=\"{&quot;_position&quot;:&quot;absolute&quot;,&quot;_animation&quot;:&quot;rotateInDownLeft&quot;}\" data-widget_type=\"image.default\">\n\t\t\t\t<div class=\"elementor-widget-container\">\n\t\t\t\t\t\t\t\t\t\t\t\t\t\t\t<img alt=\"\" decoding=\"async\" width=\"1\" height=\"1\" src=\"https:\/\/appeltje.nl\/main\/wp-content\/uploads\/2024\/06\/Blaadje-gr.svg\" class=\"attachment-large size-large wp-image-464\" alt=\"\" \/>\t\t\t\t\t\t\t\t\t\t\t\t\t\t\t<\/div>\n\t\t\t\t<\/div>\n\t\t\t\t\t<\/div>\n\t\t\t\t<\/div>\n\t\t<div class=\"elementor-element elementor-element-a2f9c49 e-con-full e-flex e-con e-parent\" data-id=\"a2f9c49\" data-element_type=\"container\" data-e-type=\"container\" data-settings=\"{&quot;background_background&quot;:&quot;classic&quot;}\">\n\t\t\t\t<\/div>\n\t\t\t\t<\/div>\n\t\t","protected":false},"excerpt":{"rendered":"<p>der Beginn der Geschichte von Appeltje mit seinem Pferdewagen Maarten Huisman Der Gr\u00fcnder. Die Geschichte unseres Twenter Familienunternehmens begann vor etwa 100 Jahren mit Maarten Huisman. Mit seinem Pferdefuhrwerk verkaufte er verschiedene Gem\u00fcsesorten, Obst und Kartoffeln.\u00a0 Die S\u00f6hne. Maartens S\u00f6hne, Geert Huisman und sein Bruder Jan Huisman, \u00fcbernahmen die Firma um 1935 von ihrem Vater. [&hellip;]<\/p>\n","protected":false},"author":3,"featured_media":0,"parent":0,"menu_order":0,"comment_status":"closed","ping_status":"closed","template":"","meta":{"_seopress_robots_primary_cat":"","_seopress_titles_title":"","_seopress_titles_desc":"","_seopress_robots_index":"","_improvement_type_select":"improve_an_existing","_thumb_yes_seoaic":false,"_frame_yes_seoaic":false,"seoaic_generate_description":"","seoaic_improve_instructions_prompt":"","seoaic_rollback_content_improvement":"","seoaic_idea_thumbnail_generator":"","thumbnail_generated":false,"thumbnail_generate_prompt":"","seoaic_article_description":"","_uf_show_specific_survey":0,"_uf_disable_surveys":false,"footnotes":""},"class_list":["post-5871","page","type-page","status-publish","hentry"],"_links":{"self":[{"href":"https:\/\/appeltje.nl\/main\/wp-json\/wp\/v2\/pages\/5871","targetHints":{"allow":["GET"]}}],"collection":[{"href":"https:\/\/appeltje.nl\/main\/wp-json\/wp\/v2\/pages"}],"about":[{"href":"https:\/\/appeltje.nl\/main\/wp-json\/wp\/v2\/types\/page"}],"author":[{"embeddable":true,"href":"https:\/\/appeltje.nl\/main\/wp-json\/wp\/v2\/users\/3"}],"replies":[{"embeddable":true,"href":"https:\/\/appeltje.nl\/main\/wp-json\/wp\/v2\/comments?post=5871"}],"version-history":[{"count":7,"href":"https:\/\/appeltje.nl\/main\/wp-json\/wp\/v2\/pages\/5871\/revisions"}],"predecessor-version":[{"id":5973,"href":"https:\/\/appeltje.nl\/main\/wp-json\/wp\/v2\/pages\/5871\/revisions\/5973"}],"wp:attachment":[{"href":"https:\/\/appeltje.nl\/main\/wp-json\/wp\/v2\/media?parent=5871"}],"curies":[{"name":"wp","href":"https:\/\/api.w.org\/{rel}","templated":true}]}}